{"id":100,"date":"2025-01-22T21:55:44","date_gmt":"2025-01-22T20:55:44","guid":{"rendered":"https:\/\/dionysos.lsv-meschede.de\/?page_id=100"},"modified":"2025-01-22T22:54:33","modified_gmt":"2025-01-22T21:54:33","slug":"jugend","status":"publish","type":"page","link":"https:\/\/dionysos.lsv-meschede.de\/?page_id=100","title":{"rendered":"Jugend"},"content":{"rendered":"<div data-colibri-id=\"100-c1\" class=\"style-384 style-local-100-c1 position-relative\">\n  <!----><\/p>\n<div data-colibri-component=\"section\" data-colibri-id=\"100-c7\" id=\"custom\" class=\"h-section h-section-global-spacing d-flex align-items-lg-center align-items-md-center align-items-center style-390 style-local-100-c7 position-relative\">\n    <!----><br \/>\n    <!----><\/p>\n<div class=\"h-section-grid-container h-section-boxed-container\">\n      <!----><\/p>\n<div data-colibri-id=\"100-c11\" class=\"h-row-container gutters-row-lg-2 gutters-row-md-2 gutters-row-0 gutters-row-v-lg-2 gutters-row-v-md-2 gutters-row-v-2 style-394 style-local-100-c11 position-relative\">\n        <!----><\/p>\n<div class=\"h-row justify-content-lg-center justify-content-md-center justify-content-center align-items-lg-stretch align-items-md-stretch align-items-stretch gutters-col-lg-2 gutters-col-md-2 gutters-col-0 gutters-col-v-lg-2 gutters-col-v-md-2 gutters-col-v-2\">\n          <!----><\/p>\n<div class=\"h-column h-column-container d-flex h-col-lg-auto h-col-md-auto h-col-auto style-395-outer style-local-100-c12-outer\">\n<div data-colibri-id=\"100-c12\" class=\"d-flex h-flex-basis h-column__inner h-px-lg-2 h-px-md-2 h-px-2 v-inner-lg-2 v-inner-md-2 v-inner-2 style-395 style-local-100-c12 position-relative\">\n              <!----><br \/>\n              <!----><\/p>\n<div class=\"w-100 h-y-container h-column__content h-column__v-align flex-basis-100 align-self-lg-start align-self-md-start align-self-start\">\n                <!----><\/p>\n<div data-colibri-id=\"100-c13\" class=\"h-global-transition-all h-heading style-396 style-local-100-c13 position-relative h-element\">\n                  <!----><\/p>\n<div class=\"h-heading__outer style-396 style-local-100-c13\">\n                    <!----><br \/>\n                    <!----><\/p>\n<h1 class=\"\">Jeder f\u00e4ngt mal klein an&#8230;<\/h1>\n<\/p><\/div>\n<\/p><\/div>\n<\/p><\/div>\n<\/p><\/div>\n<\/p><\/div>\n<\/p><\/div>\n<\/p><\/div>\n<div data-colibri-id=\"100-c8\" class=\"h-row-container gutters-row-lg-2 gutters-row-md-2 gutters-row-0 gutters-row-v-lg-2 gutters-row-v-md-2 gutters-row-v-2 style-391 style-local-100-c8 position-relative\">\n        <!----><\/p>\n<div class=\"h-row justify-content-lg-center justify-content-md-center justify-content-center align-items-lg-stretch align-items-md-stretch align-items-stretch gutters-col-lg-2 gutters-col-md-2 gutters-col-0 gutters-col-v-lg-2 gutters-col-v-md-2 gutters-col-v-2\">\n          <!----><\/p>\n<div class=\"h-column h-column-container d-flex h-col-lg-auto h-col-md-auto h-col-auto style-392-outer style-local-100-c9-outer\">\n<div data-colibri-id=\"100-c9\" class=\"d-flex h-flex-basis h-column__inner h-px-lg-2 h-px-md-2 h-px-2 v-inner-lg-2 v-inner-md-2 v-inner-2 style-392 style-local-100-c9 position-relative\">\n              <!----><br \/>\n              <!----><\/p>\n<div class=\"w-100 h-y-container h-column__content h-column__v-align flex-basis-100 align-self-lg-start align-self-md-start align-self-start\">\n                <!----><\/p>\n<div data-colibri-id=\"100-c14\" class=\"h-text h-text-component style-397 style-local-100-c14 position-relative h-element\">\n                  <!----><br \/>\n                  <!----><\/p>\n<div class=\"\">\n<p>&#8230; so wie wir &#8211; die Jugendgruppe!<\/p>\n<p>Wir sind derzeit circa 20 Jugendliche im Alter von 14 bis 25 Jahren und wir treffen uns an den Wochenenden regelm\u00e4\u00dfig am Flugplatz um miteinander zu fliegen und Spa\u00df zu haben.<\/p>\n<p>Um unsere Flugausbildung voranzutreiben bietet der Verein neben dem regul\u00e4ren Flugbetrieb am Wochenende, mehrere \u201eIntensivlehrg\u00e4nge\u201c pro Jahr an. <\/p>\n<p>In dieser Zeit \u00fcbernachten wir am Flugplatz und gestalten gemeinsam unseren Tag.<\/p>\n<p>Dabei beginnen wir mit einem gemeinsamen Fr\u00fchst\u00fcck, bevor wir zusammen Fliegen gehen. Abends lassen wir den Flugtag dann am Lagerfeuer ausklingen.<\/p>\n<p>Ab und zu besuchen wir auch andere Vereine und Flugpl\u00e4tze, sowie unseren Partnerverein in D\u00e4nemark. Hier haben wir dann die M\u00f6glichkeit andere Flugzeuge zu fliegen, andere Fluggel\u00e4nde kennenzulernen und Windenstarts zu machen.<\/p>\n<p>Wenn das Wetter mal nicht so toll ist, dann unternehmen wir zusammen Ausfl\u00fcge \u2013 z.B. in das Fort Fun oder wir gehen schwimmen.<\/p>\n<p>Auf Veranstaltungen wie dem AIRlebnis der Luftsportjugend NRW trifft man sich mit anderen Jugendlichen und lebt den gemeinsamen Traum vom Fliegen. <\/p>\n<p>Hier kann man andere Luftsportarten kennenlernen und so seinen eigenen Horizont erweitern.<\/p>\n<p>Nat\u00fcrlich kommt hier auch das Feiern nicht zu kurz!<\/p>\n<p>Zum Ende der Flugsaison helfen wir dann bei der Wartung unserer Flugzeuge und lernen so jede Menge \u00fcber die Technik.<\/p>\n<p>Da Segelfliegen ein Teamsport ist, haben wir gelernt f\u00fcr uns und andere Verantwortung zu \u00fcbernehmen.<\/p>\n<\/p><\/div>\n<\/p><\/div>\n<\/p><\/div>\n<\/p><\/div>\n<\/p><\/div>\n<div class=\"h-column h-column-container d-flex h-col-lg-auto h-col-md-auto h-col-auto style-393-outer style-local-100-c10-outer\">\n<div data-colibri-id=\"100-c10\" class=\"d-flex h-flex-basis h-column__inner h-px-lg-2 h-px-md-2 h-px-2 v-inner-lg-2 v-inner-md-2 v-inner-2 style-393 style-local-100-c10 position-relative\">\n              <!----><br \/>\n              <!----><\/p>\n<div class=\"w-100 h-y-container h-column__content h-column__v-align flex-basis-100 align-self-lg-start align-self-md-start align-self-start\">\n                <!----><\/p>\n<div data-colibri-id=\"100-c15\" class=\"d-block style-398 style-local-100-c15 position-relative h-element\">\n                  <!----><\/p>\n<div class=\"h-image__frame-container-outer\">\n<div class=\"h-image__frame-container\">\n                      <!----><br \/>\n                      <!----><br \/>\n                      <img loading=\"lazy\" decoding=\"async\" width=\"2560\" height=\"1707\" src=\"http:\/\/dionysos.lsv-meschede.de\/wp-content\/uploads\/2025\/01\/IMG_1005_816decf1-0bba-496d-8c64-6d8a551ced47-scaled.jpg\" class=\"wp-image-105 style-398-image style-local-100-c15-image\" srcset=\"https:\/\/dionysos.lsv-meschede.de\/wp-content\/uploads\/2025\/01\/IMG_1005_816decf1-0bba-496d-8c64-6d8a551ced47-scaled.jpg 2560w, https:\/\/dionysos.lsv-meschede.de\/wp-content\/uploads\/2025\/01\/IMG_1005_816decf1-0bba-496d-8c64-6d8a551ced47-300x200.jpg 300w, https:\/\/dionysos.lsv-meschede.de\/wp-content\/uploads\/2025\/01\/IMG_1005_816decf1-0bba-496d-8c64-6d8a551ced47-1024x683.jpg 1024w, https:\/\/dionysos.lsv-meschede.de\/wp-content\/uploads\/2025\/01\/IMG_1005_816decf1-0bba-496d-8c64-6d8a551ced47-768x512.jpg 768w, https:\/\/dionysos.lsv-meschede.de\/wp-content\/uploads\/2025\/01\/IMG_1005_816decf1-0bba-496d-8c64-6d8a551ced47-1536x1024.jpg 1536w, https:\/\/dionysos.lsv-meschede.de\/wp-content\/uploads\/2025\/01\/IMG_1005_816decf1-0bba-496d-8c64-6d8a551ced47-2048x1365.jpg 2048w\" sizes=\"auto, (max-width: 2560px) 100vw, 2560px\" \/><\/p>\n<div class=\"h-image__frame h-hide-lg h-hide-md h-hide-sm style-398-frameImage style-local-100-c15-frameImage\"><\/div>\n<\/p><\/div>\n<div class=\"style-398-caption style-local-100-c15-caption\">\n                      Segelfliegen ist ein Teamsport, bei dem alle mit anpacken m\u00fcssen&#8230;\n                    <\/div>\n<\/p><\/div>\n<\/p><\/div>\n<\/p><\/div>\n<\/p><\/div>\n<\/p><\/div>\n<\/p><\/div>\n<\/p><\/div>\n<\/p><\/div>\n<\/p><\/div>\n<\/div>\n","protected":false},"excerpt":{"rendered":"<p>Jeder f\u00e4ngt mal klein an&#8230; &#8230; so wie wir &#8211; die Jugendgruppe! Wir sind derzeit circa 20 Jugendliche im Alter von 14 bis 25 Jahren und wir treffen uns an den Wochenenden regelm\u00e4\u00dfig am Flugplatz um miteinander zu fliegen und Spa\u00df zu haben. Um unsere Flugausbildung voranzutreiben bietet der Verein neben dem regul\u00e4ren Flugbetrieb am&#8230;<\/p>\n","protected":false},"author":1,"featured_media":104,"parent":0,"menu_order":0,"comment_status":"closed","ping_status":"closed","template":"page-templates\/template-widget.php","meta":{"_kadence_starter_templates_imported_post":false,"_kad_post_transparent":"","_kad_post_title":"","_kad_post_layout":"","_kad_post_sidebar_id":"","_kad_post_content_style":"","_kad_post_vertical_padding":"","_kad_post_feature":"","_kad_post_feature_position":"","_kad_post_header":false,"_kad_post_footer":false,"footnotes":""},"class_list":["post-100","page","type-page","status-publish","has-post-thumbnail","hentry"],"_links":{"self":[{"href":"https:\/\/dionysos.lsv-meschede.de\/index.php?rest_route=\/wp\/v2\/pages\/100","targetHints":{"allow":["GET"]}}],"collection":[{"href":"https:\/\/dionysos.lsv-meschede.de\/index.php?rest_route=\/wp\/v2\/pages"}],"about":[{"href":"https:\/\/dionysos.lsv-meschede.de\/index.php?rest_route=\/wp\/v2\/types\/page"}],"author":[{"embeddable":true,"href":"https:\/\/dionysos.lsv-meschede.de\/index.php?rest_route=\/wp\/v2\/users\/1"}],"replies":[{"embeddable":true,"href":"https:\/\/dionysos.lsv-meschede.de\/index.php?rest_route=%2Fwp%2Fv2%2Fcomments&post=100"}],"version-history":[{"count":3,"href":"https:\/\/dionysos.lsv-meschede.de\/index.php?rest_route=\/wp\/v2\/pages\/100\/revisions"}],"predecessor-version":[{"id":112,"href":"https:\/\/dionysos.lsv-meschede.de\/index.php?rest_route=\/wp\/v2\/pages\/100\/revisions\/112"}],"wp:featuredmedia":[{"embeddable":true,"href":"https:\/\/dionysos.lsv-meschede.de\/index.php?rest_route=\/wp\/v2\/media\/104"}],"wp:attachment":[{"href":"https:\/\/dionysos.lsv-meschede.de\/index.php?rest_route=%2Fwp%2Fv2%2Fmedia&parent=100"}],"curies":[{"name":"wp","href":"https:\/\/api.w.org\/{rel}","templated":true}]}}